{"id":851,"date":"2022-12-22T15:21:17","date_gmt":"2022-12-22T14:21:17","guid":{"rendered":"https:\/\/www.new-ways-of-thinking.com\/product\/120-min-coaching-session\/"},"modified":"2023-05-25T09:14:58","modified_gmt":"2023-05-25T08:14:58","slug":"120-min-thjalfun","status":"publish","type":"product","link":"https:\/\/www.new-ways-of-thinking.com\/is\/vara\/120-min-thjalfun\/","title":{"rendered":"2 klst Frumkv\u00f6\u00f0la \u00fej\u00e1lfun"},"content":{"rendered":"<div class=\"image-title-wrapper\">\n<div class=\"image-title sqs-dynamic-text\" data-width-percentage=\"36.2\">\n<h3><strong>N\u00ddJI FRUMKV\u00d6\u00d0ULLINN<\/strong><\/h3>\n<\/div>\n<\/div>\n<div class=\"image-subtitle-wrapper\">\n<div class=\"image-subtitle sqs-dynamic-text\" data-width-percentage=\"36.2\">\n<p class=\"\"><strong>200 Evrur fyrir klukkustundir<\/strong><\/p>\n<p>Ertu strand \u00ed ferlinu vi\u00f0 a\u00f0 setja fyrirt\u00e6ki af sta\u00f0? Langar \u00feig a\u00f0 taka n\u00fdju hugmyndina \u00fe\u00edna upp\u00e1 n\u00e6sta \u00ferep? T\u00f6kum fr\u00e1 2 klukkut\u00edma a og leggjumst yfir m\u00e1li\u00f0, kryfjum \u00fea\u00f0 til mergjar og f\u00e1\u00f0u alv\u00f6ru r\u00e1\u00f0 um hva\u00f0 vantar og hva\u00f0 \u00fearf a\u00f0 gera. Allt gert \u00ed umhverfi sem d\u00e6mir ekki e\u00f0a fegrar st\u00f6\u00f0una.<\/p>\n<p>Tveggja klukkut\u00edma samtal \u00e1 Zoom. Vi\u00f0 f\u00f6rum \u00ed gegnum \u00fe\u00ednar spurningar til a\u00f0 f\u00e1 \u00e1 hreint hvernig sta\u00f0an og hva\u00f0 \u00fearf a\u00f0 gera til a\u00f0 komast \u00e1 n\u00e6sta \u00ferep.<\/p>\n<\/div>\n<\/div>\n","protected":false},"excerpt":{"rendered":"<p>N\u00ddJI FRUMKV\u00d6\u00d0ULLINN 200 Evrur fyrir klukkustundir Ertu strand \u00ed ferlinu vi\u00f0 a\u00f0 setja fyrirt\u00e6ki af sta\u00f0? Langar \u00feig a\u00f0 taka n\u00fdju hugmyndina \u00fe\u00edna upp\u00e1 n\u00e6sta \u00ferep?<span class=\"excerpt-hellip\"> [\u2026]<\/span><\/p>\n","protected":false},"featured_media":806,"comment_status":"open","ping_status":"closed","template":"","meta":[],"product_brand":[],"product_cat":[49],"product_tag":[],"class_list":{"0":"post-851","1":"product","2":"type-product","3":"status-publish","4":"has-post-thumbnail","6":"product_cat-zoom-simtal","8":"first","9":"instock","10":"virtual","11":"sold-individually","12":"taxable","13":"purchasable","14":"product-type-booking"},"_links":{"self":[{"href":"https:\/\/www.new-ways-of-thinking.com\/is\/wp-json\/wp\/v2\/product\/851","targetHints":{"allow":["GET"]}}],"collection":[{"href":"https:\/\/www.new-ways-of-thinking.com\/is\/wp-json\/wp\/v2\/product"}],"about":[{"href":"https:\/\/www.new-ways-of-thinking.com\/is\/wp-json\/wp\/v2\/types\/product"}],"replies":[{"embeddable":true,"href":"https:\/\/www.new-ways-of-thinking.com\/is\/wp-json\/wp\/v2\/comments?post=851"}],"version-history":[{"count":2,"href":"https:\/\/www.new-ways-of-thinking.com\/is\/wp-json\/wp\/v2\/product\/851\/revisions"}],"predecessor-version":[{"id":1189,"href":"https:\/\/www.new-ways-of-thinking.com\/is\/wp-json\/wp\/v2\/product\/851\/revisions\/1189"}],"wp:featuredmedia":[{"embeddable":true,"href":"https:\/\/www.new-ways-of-thinking.com\/is\/wp-json\/wp\/v2\/media\/806"}],"wp:attachment":[{"href":"https:\/\/www.new-ways-of-thinking.com\/is\/wp-json\/wp\/v2\/media?parent=851"}],"wp:term":[{"taxonomy":"product_brand","embeddable":true,"href":"https:\/\/www.new-ways-of-thinking.com\/is\/wp-json\/wp\/v2\/product_brand?post=851"},{"taxonomy":"product_cat","embeddable":true,"href":"https:\/\/www.new-ways-of-thinking.com\/is\/wp-json\/wp\/v2\/product_cat?post=851"},{"taxonomy":"product_tag","embeddable":true,"href":"https:\/\/www.new-ways-of-thinking.com\/is\/wp-json\/wp\/v2\/product_tag?post=851"}],"curies":[{"name":"wp","href":"https:\/\/api.w.org\/{rel}","templated":true}]}}